{"id":51,"date":"2011-11-09T13:39:15","date_gmt":"2011-11-09T13:39:15","guid":{"rendered":"http:\/\/authentichumanrelations.com\/?page_id=51"},"modified":"2013-02-18T13:05:07","modified_gmt":"2013-02-18T13:05:07","slug":"ledarskapsenkat","status":"publish","type":"page","link":"https:\/\/authentichumanrelations.com\/","title":{"rendered":"V\u00e4lkommen"},"content":{"rendered":"<p>P\u00e5 den h\u00e4r sidan hittar du enk\u00e4ter till v\u00e5ra ledar- och medarbetarprogram samt workshops och f\u00f6rel\u00e4sningar.<\/p>\n<p>Vill du veta mera om v\u00e5ra individuella program och kurser kan du \u00e4ven bes\u00f6ka <a title=\"Authentic\" href=\"http:\/\/authentic.se\" target=\"_blank\">Authentics<\/a> hemsida.<\/p>\n<p>Vi jobbar mycket med relationer mellan medarbetare p\u00e5 jobbet. \u00c4r du sj\u00e4lv nyfiken i \u00e4mnet kan du bes\u00f6ka v\u00e5r specialsida\u00a0<a title=\"Jobbrelationer\" href=\"http:\/\/jobbrelationer.se\" target=\"_blank\">Jobbrelationer.\u00a0<\/a>\u00a0D\u00e4r kan du \u00e4ven l\u00e4sa mera om v\u00e5r kommande bok i \u00e4mnet.<\/p>\n<p>Vill du komma i kontakt med oss g\u00f6r du det <a title=\"Kontakt\" href=\"http:\/\/authentic.se\/per-therese-appelqvist\/kontakt\/\" target=\"_blank\">h\u00e4r.<\/a><\/p>\n","protected":false},"excerpt":{"rendered":"<p>P\u00e5 den h\u00e4r sidan hittar du enk\u00e4ter till v\u00e5ra ledar- och medarbetarprogram samt workshops och f\u00f6rel\u00e4sningar. Vill du veta mera om v\u00e5ra individuella program och kurser kan du \u00e4ven bes\u00f6ka Authentics hemsida. Vi jobbar mycket med relationer mellan medarbetare p\u00e5 &hellip; <a href=\"https:\/\/authentichumanrelations.com\/\">Forts\u00e4tt l\u00e4sa <span class=\"meta-nav\">&rarr;<\/span><\/a><\/p>\n","protected":false},"author":2,"featured_media":0,"parent":0,"menu_order":0,"comment_status":"closed","ping_status":"closed","template":"","meta":{"footnotes":""},"class_list":["post-51","page","type-page","status-publish","hentry"],"_links":{"self":[{"href":"https:\/\/authentichumanrelations.com\/index.php?rest_route=\/wp\/v2\/pages\/51","targetHints":{"allow":["GET"]}}],"collection":[{"href":"https:\/\/authentichumanrelations.com\/index.php?rest_route=\/wp\/v2\/pages"}],"about":[{"href":"https:\/\/authentichumanrelations.com\/index.php?rest_route=\/wp\/v2\/types\/page"}],"author":[{"embeddable":true,"href":"https:\/\/authentichumanrelations.com\/index.php?rest_route=\/wp\/v2\/users\/2"}],"replies":[{"embeddable":true,"href":"https:\/\/authentichumanrelations.com\/index.php?rest_route=%2Fwp%2Fv2%2Fcomments&post=51"}],"version-history":[{"count":7,"href":"https:\/\/authentichumanrelations.com\/index.php?rest_route=\/wp\/v2\/pages\/51\/revisions"}],"predecessor-version":[{"id":98,"href":"https:\/\/authentichumanrelations.com\/index.php?rest_route=\/wp\/v2\/pages\/51\/revisions\/98"}],"wp:attachment":[{"href":"https:\/\/authentichumanrelations.com\/index.php?rest_route=%2Fwp%2Fv2%2Fmedia&parent=51"}],"curies":[{"name":"wp","href":"https:\/\/api.w.org\/{rel}","templated":true}]}}